{"id":153,"date":"2022-11-20T16:56:48","date_gmt":"2022-11-20T16:56:48","guid":{"rendered":"https:\/\/sozial-psychiatrische-spitex.ch\/?page_id=153"},"modified":"2024-11-09T16:44:26","modified_gmt":"2024-11-09T16:44:26","slug":"ueber-mich","status":"publish","type":"page","link":"https:\/\/sozial-psychiatrische-spitex.ch\/?page_id=153","title":{"rendered":"\u00dcber Uns"},"content":{"rendered":"\n<p>Sch\u00f6n, dass Sie auf unsere Website gekommen sind.<br>Das Angebot der sozial-psychiatrischen Spitex GmbH m\u00f6chte Ihnen erm\u00f6glichen, auch in schwierigen Situationen Ihre Lebensqualit\u00e4t zu steigern. Wir m\u00f6chte Sie zuhause dabei unterst\u00fctzen, Ihre Ressourcen zu st\u00e4rken und auch aus schwierigen Situationen Neues zu sch\u00f6pfen. Die pers\u00f6nlichen Begegnungen mit Menschen sowie die Begleitung in diesem Prozess zu mehr Lebensqualit\u00e4t, bereichern immer wieder von Neuem.<\/p>\n\n\n\n<p><br>Berufserfahrung Patrik Gr\u00e4ble<\/p>\n\n\n\n<ul class=\"wp-block-list\">\n<li>Ausbildung zum Psychiatriefachmann HF in der Psychiatrischen Klinik Liestal BL<\/li>\n\n\n\n<li>Akutstation Psychiatrie BL Schwerpunkt Sucht 4 Jahre<\/li>\n\n\n\n<li>Drogenberatung &#038; Heroinprojekt Baselland 8 Jahre<\/li>\n\n\n\n<li>Stationsleitung Altersheim Basel 9 Jahre<\/li>\n\n\n\n<li>Pflegedienstleitung Demenzheim 1.5 Jahre<\/li>\n\n\n\n<li>Spitex Basel Fallverantwortlicher Psychiatrie 3 Jahre<\/li>\n<\/ul>\n\n\n\n<div class=\"wp-block-columns is-layout-flex wp-container-core-columns-is-layout-9d6595d7 wp-block-columns-is-layout-flex\">\n<div class=\"wp-block-column is-layout-flow wp-block-column-is-layout-flow\">\n<p><br>Weiterbildung:<\/p>\n\n\n\n<ul class=\"wp-block-list\">\n<li>Ausbildung Systemberatung &#038; Therapie<\/li>\n\n\n\n<li>Aggressionsmanagement<\/li>\n\n\n\n<li>Management und Leadership<\/li>\n\n\n\n<li>Psychosomatische Schmerztherapie<\/li>\n\n\n\n<li>Gespr\u00e4chsf\u00fchrung<\/li>\n\n\n\n<li>Ethik in der Pflege<\/li>\n\n\n\n<li>Zusammenarbeit mit Angeh\u00f6rigen<\/li>\n\n\n\n<li>\u2026 und Weiteres<\/li>\n<\/ul>\n<\/div>\n\n\n\n<div class=\"wp-block-column is-layout-flow wp-block-column-is-layout-flow\"><div class=\"wp-block-image\">\n<figure class=\"aligncenter size-full is-resized\"><img loading=\"lazy\" decoding=\"async\" width=\"500\" height=\"648\" src=\"https:\/\/sozial-psychiatrische-spitex.ch\/wp-content\/uploads\/2022\/11\/portraet_500.jpg\" alt=\"\" class=\"wp-image-182\" style=\"width:210px;height:271px\" srcset=\"https:\/\/sozial-psychiatrische-spitex.ch\/wp-content\/uploads\/2022\/11\/portraet_500.jpg 500w, https:\/\/sozial-psychiatrische-spitex.ch\/wp-content\/uploads\/2022\/11\/portraet_500-231x300.jpg 231w\" sizes=\"auto, (max-width: 500px) 100vw, 500px\" \/><\/figure>\n<\/div><\/div>\n<\/div>\n\n\n\n<div class=\"wp-block-group\"><div class=\"wp-block-group__inner-container is-layout-constrained wp-block-group-is-layout-constrained\">\n<div class=\"wp-block-group weiterbildung\"><div class=\"wp-block-group__inner-container is-layout-constrained wp-block-group-is-layout-constrained\">\n<p><\/p>\n\n\n\n<p style=\"margin-top:75px;\">Berufserfahrung, Martina Waldner<\/p>\n\n\n\n<ul class=\"wp-block-list\">\n<li>Ausbildung zur Pflegefachfrau HF mit Schwerpunkt Psychiatrie    <\/li>\n\n\n\n<li>Praktikas; Langzeitpflege, Kinderspital, Medizin\/Chirurgie, <\/li>\n\n\n\n<li>Psychiatrische Rehabilitation, Jugendpsychiatrie<\/li>\n\n\n\n<li>Alterszentrum M\u00fclimatt Sissach, Offene Pflegeabteilung<\/li>\n\n\n\n<li>UPK Baselstadt, Privatabteilung 8 Jahre<\/li>\n\n\n\n<li>Pflegepool Psychiatrie Liestal, Kurzeinblick&nbsp;&nbsp;&nbsp;&nbsp;<\/li>\n\n\n\n<li>Klinik Sch\u00fctzen k\u00f6rperorientierte Psychotherapeutische Abteilung<\/li>\n\n\n\n<li>Psychiatrische und Somatische Spitex Regio Sissach 1.5 Jahre<\/li>\n\n\n\n<li>Psychiatrische Spitex Regio Frick 5 Jahre als Fallverantwortliche<\/li>\n<\/ul>\n<\/div><\/div>\n<\/div><\/div>\n\n\n\n<p><\/p>\n\n\n\n<div class=\"wp-block-group\"><div class=\"wp-block-group__inner-container is-layout-constrained wp-block-group-is-layout-constrained\">\n<div class=\"wp-block-group weiterbildung\"><div class=\"wp-block-group__inner-container is-layout-constrained wp-block-group-is-layout-constrained\">\n<div class=\"wp-block-columns is-layout-flex wp-container-core-columns-is-layout-9d6595d7 wp-block-columns-is-layout-flex\">\n<div class=\"wp-block-column is-layout-flow wp-block-column-is-layout-flow\">\n<p>Weiterbildung:<\/p>\n\n\n\n<ul class=\"wp-block-list\">\n<li>St\u00f6rungsspezifische Interventionen bei Depressiven St\u00f6rungen<\/li>\n\n\n\n<li>Diverse psychotherapeutische Workshops<\/li>\n\n\n\n<li>(ACT, IPT, CBASP, Angst- und Zwangsst\u00f6rungen)<\/li>\n\n\n\n<li>Aromapflege<\/li>\n\n\n\n<li>Und diverse Weitere<\/li>\n<\/ul>\n<\/div>\n\n\n\n<div class=\"wp-block-column is-layout-flow wp-block-column-is-layout-flow\"><div class=\"wp-block-image\">\n<figure class=\"aligncenter size-full is-resized\"><img loading=\"lazy\" decoding=\"async\" width=\"354\" height=\"460\" src=\"https:\/\/sozial-psychiatrische-spitex.ch\/wp-content\/uploads\/2024\/11\/portraet_501.jpg\" alt=\"\" class=\"wp-image-332\" style=\"width:210px;height:271px\" srcset=\"https:\/\/sozial-psychiatrische-spitex.ch\/wp-content\/uploads\/2024\/11\/portraet_501.jpg 354w, https:\/\/sozial-psychiatrische-spitex.ch\/wp-content\/uploads\/2024\/11\/portraet_501-231x300.jpg 231w\" sizes=\"auto, (max-width: 354px) 100vw, 354px\" \/><\/figure>\n<\/div><\/div>\n<\/div>\n<\/div><\/div>\n<\/div><\/div>\n\n\n\n<p><\/p>\n\n\n\n<p style=\"margin-top:100px;\">Falls Sie weitere Fragen haben d\u00fcrfen Sie uns gerne kontaktieren.<br>Anmeldungen nehmen wir gerne von Ihrem behandelnden Arzt:\u00c4rztin oder&nbsp; Therapeuten:in entgegen. Sie d\u00fcrfen sich auch gerne selbst anmelden.<\/p>\n\n\n\n<p>Herzlichen Dank f\u00fcr Ihr Interesse<\/p>\n\n\n\n<p>Patrik Gr\u00e4ble &#038; Martina Waldner<\/p>\n","protected":false},"excerpt":{"rendered":"<p>Sch\u00f6n, dass Sie auf unsere Website gekommen sind.Das Angebot der sozial-psychiatrischen Spitex GmbH m\u00f6chte Ihnen erm\u00f6glichen, auch in schwierigen Situationen Ihre Lebensqualit\u00e4t zu steigern. Wir m\u00f6chte Sie zuhause dabei unterst\u00fctzen, Ihre Ressourcen zu st\u00e4rken und auch aus schwierigen Situationen Neues zu sch\u00f6pfen. Die pers\u00f6nlichen Begegnungen mit Menschen sowie die Begleitung in diesem Prozess zu mehr [&hellip;]<\/p>\n","protected":false},"author":1,"featured_media":0,"parent":0,"menu_order":0,"comment_status":"closed","ping_status":"closed","template":"page-uebermich.php","meta":{"footnotes":""},"class_list":["post-153","page","type-page","status-publish","hentry"],"_links":{"self":[{"href":"https:\/\/sozial-psychiatrische-spitex.ch\/index.php?rest_route=\/wp\/v2\/pages\/153","targetHints":{"allow":["GET"]}}],"collection":[{"href":"https:\/\/sozial-psychiatrische-spitex.ch\/index.php?rest_route=\/wp\/v2\/pages"}],"about":[{"href":"https:\/\/sozial-psychiatrische-spitex.ch\/index.php?rest_route=\/wp\/v2\/types\/page"}],"author":[{"embeddable":true,"href":"https:\/\/sozial-psychiatrische-spitex.ch\/index.php?rest_route=\/wp\/v2\/users\/1"}],"replies":[{"embeddable":true,"href":"https:\/\/sozial-psychiatrische-spitex.ch\/index.php?rest_route=%2Fwp%2Fv2%2Fcomments&post=153"}],"version-history":[{"count":41,"href":"https:\/\/sozial-psychiatrische-spitex.ch\/index.php?rest_route=\/wp\/v2\/pages\/153\/revisions"}],"predecessor-version":[{"id":418,"href":"https:\/\/sozial-psychiatrische-spitex.ch\/index.php?rest_route=\/wp\/v2\/pages\/153\/revisions\/418"}],"wp:attachment":[{"href":"https:\/\/sozial-psychiatrische-spitex.ch\/index.php?rest_route=%2Fwp%2Fv2%2Fmedia&parent=153"}],"curies":[{"name":"wp","href":"https:\/\/api.w.org\/{rel}","templated":true}]}}