{"id":19,"date":"2022-09-10T07:29:16","date_gmt":"2022-09-10T07:29:16","guid":{"rendered":"http:\/\/sozial-psychiatrische-spitex.ch\/?page_id=19"},"modified":"2022-12-02T19:37:27","modified_gmt":"2022-12-02T19:37:27","slug":"impressum","status":"publish","type":"page","link":"https:\/\/sozial-psychiatrische-spitex.ch\/?page_id=19","title":{"rendered":"Impressum"},"content":{"rendered":"\n<p>Sozial &#8211; psychiatrische &#8211; Spitex<br>Bachlettenstrasse 56<br>4054 Basel<br>Telefon:<a style=\"text-decoration: none; color: rgb(0,0,0)\" href=\"0782510059\"> 078 251 00 59<\/a><br><a style=\"text-decoration: none;\" href=\"mailto:p.graeble@hin.ch\" data-type=\"mailto\" data-id=\"mailto:p.graeble@hin.ch\">p.graeble@hin.ch<\/a><\/p>\n\n\n\n<h4 class=\"wp-block-heading\">Handelsregister &#8211; Eintrag Basel-Stadt:&nbsp;<\/h4>\n\n\n\n<p>Eingetragener Firmenname: Sozial-psychiatrische Spitex<br>Inhaber: Patrik Gr\u00e4ble<br>Handels &#8211; Register Nummer: CHE-289.196.905<br>ZSR. Nr.: P 83 3512<\/p>\n\n\n\n<p>Das Urheberrecht f\u00fcr die Inhalte dieser Website, sowie der Bilder liegen bei der Sozial &#8211; psychiatrischen Spitex. <br>Eine Weiterverwendung von Inhalten ohne die vorherige schriftliche Zustimmung ist nicht erlaubt.<\/p>\n\n\n\n<h4 class=\"wp-block-heading\">Haftungshinweis:<\/h4>\n\n\n\n<p>Alle aufgef\u00fchrten Links zu externen Anbietern wurden vorg\u00e4ngig gepr\u00fcft. F\u00fcr Inhaltliche Richtigkeit, Genauigkeit, Aktualit\u00e4t und Verf\u00fcgbarkeiten von angegebenen Websites kann keine Haftung \u00fcbernommen werden.&nbsp;<\/p>\n\n\n\n<p>Haftungsanspr\u00fcche gegen den Autor wegen Sch\u00e4den materieller oder immaterieller Art, welche aus dem Zugriff oder der Nutzung bzw. Nichtnutzung der ver\u00f6ffentlichten Informationen, durch Missbrauch der Verbindung oder durch technische St\u00f6rungen entstanden sind, werden ausgeschlossen.<\/p>\n\n\n\n<p>Alle Angebote sind unverbindlich. Der Autor beh\u00e4lt es sich ausdr\u00fccklich vor, Teile der Seiten oder das gesamte Angebot ohne besondere Ank\u00fcndigung zu ver\u00e4ndern, zu erg\u00e4nzen, zu l\u00f6schen oder die Ver\u00f6ffentlichung zeitweise oder endg\u00fcltig einzustellen.<\/p>\n\n\n\n<h4 class=\"wp-block-heading\">Bankverbindung:<\/h4>\n\n\n\n<p><p>RAIFFEISEN Bank 4153 Reinach, BL: Kontokorrent<br>IBAN:<code style=\"text-decoration: none; color: rgb(0,0,0);\"> CH09 8080 0809 3126 8970 9<\/code><\/p><\/p>\n\n\n\n<p><strong>Herzlichen Dank f\u00fcr Ihr Vertrauen !<\/strong><\/p>\n","protected":false},"excerpt":{"rendered":"<p>Sozial &#8211; psychiatrische &#8211; SpitexBachlettenstrasse 564054 BaselTelefon: 078 251 00 59p.graeble@hin.ch Handelsregister &#8211; Eintrag Basel-Stadt:&nbsp; Eingetragener Firmenname: Sozial-psychiatrische SpitexInhaber: Patrik Gr\u00e4bleHandels &#8211; Register Nummer: CHE-289.196.905ZSR. Nr.: P 83 3512 Das Urheberrecht f\u00fcr die Inhalte dieser Website, sowie der Bilder liegen bei der Sozial &#8211; psychiatrischen Spitex. Eine Weiterverwendung von Inhalten ohne die vorherige schriftliche Zustimmung [&hellip;]<\/p>\n","protected":false},"author":1,"featured_media":0,"parent":0,"menu_order":0,"comment_status":"closed","ping_status":"closed","template":"page-impressum.php","meta":{"footnotes":""},"class_list":["post-19","page","type-page","status-publish","hentry"],"_links":{"self":[{"href":"https:\/\/sozial-psychiatrische-spitex.ch\/index.php?rest_route=\/wp\/v2\/pages\/19","targetHints":{"allow":["GET"]}}],"collection":[{"href":"https:\/\/sozial-psychiatrische-spitex.ch\/index.php?rest_route=\/wp\/v2\/pages"}],"about":[{"href":"https:\/\/sozial-psychiatrische-spitex.ch\/index.php?rest_route=\/wp\/v2\/types\/page"}],"author":[{"embeddable":true,"href":"https:\/\/sozial-psychiatrische-spitex.ch\/index.php?rest_route=\/wp\/v2\/users\/1"}],"replies":[{"embeddable":true,"href":"https:\/\/sozial-psychiatrische-spitex.ch\/index.php?rest_route=%2Fwp%2Fv2%2Fcomments&post=19"}],"version-history":[{"count":27,"href":"https:\/\/sozial-psychiatrische-spitex.ch\/index.php?rest_route=\/wp\/v2\/pages\/19\/revisions"}],"predecessor-version":[{"id":373,"href":"https:\/\/sozial-psychiatrische-spitex.ch\/index.php?rest_route=\/wp\/v2\/pages\/19\/revisions\/373"}],"wp:attachment":[{"href":"https:\/\/sozial-psychiatrische-spitex.ch\/index.php?rest_route=%2Fwp%2Fv2%2Fmedia&parent=19"}],"curies":[{"name":"wp","href":"https:\/\/api.w.org\/{rel}","templated":true}]}}