{"id":86,"date":"2022-10-03T11:50:26","date_gmt":"2022-10-03T11:50:26","guid":{"rendered":"http:\/\/sozial-psychiatrische-spitex.ch\/?page_id=86"},"modified":"2022-11-20T18:56:39","modified_gmt":"2022-11-20T18:56:39","slug":"nofallnummern","status":"publish","type":"page","link":"https:\/\/sozial-psychiatrische-spitex.ch\/?page_id=86","title":{"rendered":"Nofallnummern"},"content":{"rendered":"\n<div class=\"wp-block-columns is-layout-flex wp-container-core-columns-is-layout-9d6595d7 wp-block-columns-is-layout-flex\">\n<div class=\"wp-block-column is-layout-flow wp-block-column-is-layout-flow\">\n<h4 class=\"wp-block-heading\">Medizinische Notruf Nummer MNZ<\/h4>\n\n\n\n<p>Lindenhofstrasse 30<br>4052 Basel<br><a style=\"text-decoration: none;\" href=\"tel:0612611515\" data-type=\"tel\" data-id=\"tel:0612611515\">\n<img loading=\"lazy\" decoding=\"async\" src=\"https:\/\/sozial-psychiatrische-spitex.ch\/wp-content\/uploads\/2022\/11\/phonhoerer.png\" alt=\"\" class=\"wp-image-160\" width=\"25\" height=\"25\" srcset=\"https:\/\/sozial-psychiatrische-spitex.ch\/wp-content\/uploads\/2022\/11\/phonhoerer.png 512w, https:\/\/sozial-psychiatrische-spitex.ch\/wp-content\/uploads\/2022\/11\/phonhoerer-300x300.png 300w, https:\/\/sozial-psychiatrische-spitex.ch\/wp-content\/uploads\/2022\/11\/phonhoerer-150x150.png 150w\" sizes=\"auto, (max-width: 25px) 100vw, 25px\" \/>\n<span style=\"color:rgb(0,0,0);\"> \n061 \/ 261 15 15<\/a><\/p>\n<\/div>\n\n\n\n<div class=\"wp-block-column is-layout-flow wp-block-column-is-layout-flow\">\n<p class=\"second__column\">Diensthabenden Notfall \u2013 Psychiater:in verlangen, oder bei medizinischen Notf\u00e4llen Angaben benennen. (144)<\/p>\n<\/div>\n<\/div>\n\n\n\n<div class=\"wp-block-columns is-layout-flex wp-container-core-columns-is-layout-9d6595d7 wp-block-columns-is-layout-flex\">\n<div class=\"wp-block-column is-layout-flow wp-block-column-is-layout-flow\">\n<h4 class=\"wp-block-heading\">Krisen Interventions Stelle KIS<\/h4>\n\n\n\n<p>Rosentalstrasse 17<br>4058 Basel<br><a style=\"text-decoration: none;\" href=\"tel:0612675443\" data-type=\"tel\" data-id=\"tel:0612675443\"><span style=\"color:rgb(0,0,0);\"> <img loading=\"lazy\" decoding=\"async\" width=\"25\" height=\"25\" class=\"wp-image-160\" src=\"https:\/\/sozial-psychiatrische-spitex.ch\/wp-content\/uploads\/2022\/11\/phonhoerer.png\" alt=\"\" srcset=\"https:\/\/sozial-psychiatrische-spitex.ch\/wp-content\/uploads\/2022\/11\/phonhoerer.png 512w, https:\/\/sozial-psychiatrische-spitex.ch\/wp-content\/uploads\/2022\/11\/phonhoerer-300x300.png 300w, https:\/\/sozial-psychiatrische-spitex.ch\/wp-content\/uploads\/2022\/11\/phonhoerer-150x150.png 150w\" sizes=\"auto, (max-width: 25px) 100vw, 25px\" \/> 061 \/ 267 54 43<\/span><\/a><\/p>\n<\/div>\n\n\n\n<div class=\"wp-block-column is-layout-flow wp-block-column-is-layout-flow\">\n<p class=\"second__column\">Bei einer Krise \u00fcber KIS, oder nachts\/Wochenende \u00fcber die Zentrale Aufnahme UPK, kann eine tel. Anmeldung gemacht werden.<\/p>\n<\/div>\n<\/div>\n\n\n\n<div class=\"wp-block-columns is-layout-flex wp-container-core-columns-is-layout-9d6595d7 wp-block-columns-is-layout-flex\">\n<div class=\"wp-block-column is-layout-flow wp-block-column-is-layout-flow\">\n<h4 class=\"wp-block-heading\">UPK Zentrale Aufnahme<\/h4>\n\n\n\n<p>Wilhelm Klein Strasse 27<br>4002 Basel<br><a style=\"text-decoration: none;\" href=\"tel:0613255111\" data-type=\"tel\" data-id=\"tel:0613255111\">\n<img loading=\"lazy\" decoding=\"async\" src=\"https:\/\/sozial-psychiatrische-spitex.ch\/wp-content\/uploads\/2022\/11\/phonhoerer.png\" alt=\"\" class=\"wp-image-160\" width=\"25\" height=\"25\" srcset=\"https:\/\/sozial-psychiatrische-spitex.ch\/wp-content\/uploads\/2022\/11\/phonhoerer.png 512w, https:\/\/sozial-psychiatrische-spitex.ch\/wp-content\/uploads\/2022\/11\/phonhoerer-300x300.png 300w, https:\/\/sozial-psychiatrische-spitex.ch\/wp-content\/uploads\/2022\/11\/phonhoerer-150x150.png 150w\" sizes=\"auto, (max-width: 25px) 100vw, 25px\" \/>\n<span style=\"color:rgb(0,0,0);\">\n061 \/ 325. 51 11<\/span><\/a><\/p>\n<\/div>\n\n\n\n<div class=\"wp-block-column is-layout-flow wp-block-column-is-layout-flow\">\n<p class=\"second__column\">F\u00fcr schwerwiegende Krisen mit l\u00e4ngerem Aufenthalt, bei freiwilligem Eintritt, oder in Absprache mit Psychiater:in.<\/p>\n<\/div>\n<\/div>\n\n\n\n<div class=\"wp-block-columns is-layout-flex wp-container-core-columns-is-layout-9d6595d7 wp-block-columns-is-layout-flex\">\n<div class=\"wp-block-column is-layout-flow wp-block-column-is-layout-flow\">\n<h4 class=\"wp-block-heading\">Gesundheitszentrum UPK walk &#8211; in<\/h4>\n\n\n\n<p>Kornhausgasse 7<br>4051 Basel<br><a style=\"text-decoration: none;\" href=\"tel:0613258181\" data-type=\"tel\" data-id=\"tel:0613258181\">\n<img loading=\"lazy\" decoding=\"async\" src=\"https:\/\/sozial-psychiatrische-spitex.ch\/wp-content\/uploads\/2022\/11\/phonhoerer.png\" alt=\"\" class=\"wp-image-160\" width=\"25\" height=\"25\" srcset=\"https:\/\/sozial-psychiatrische-spitex.ch\/wp-content\/uploads\/2022\/11\/phonhoerer.png 512w, https:\/\/sozial-psychiatrische-spitex.ch\/wp-content\/uploads\/2022\/11\/phonhoerer-300x300.png 300w, https:\/\/sozial-psychiatrische-spitex.ch\/wp-content\/uploads\/2022\/11\/phonhoerer-150x150.png 150w\" sizes=\"auto, (max-width: 25px) 100vw, 25px\" \/>\n<span style=\"color:rgb(0,0,0);\">\n061 \/ 325 81 81<\/span><\/a><\/p>\n<\/div>\n\n\n\n<div class=\"wp-block-column is-layout-flow wp-block-column-is-layout-flow\">\n<p class=\"second__column\">Beratungs- Krisengespr\u00e4che, kurze Voranmeldung \u2013 in der Regel am selben Tag Gespr\u00e4ch m\u00f6glich.<\/p>\n<\/div>\n<\/div>\n\n\n\n<div class=\"wp-block-columns is-layout-flex wp-container-core-columns-is-layout-9d6595d7 wp-block-columns-is-layout-flex\">\n<div class=\"wp-block-column is-layout-flow wp-block-column-is-layout-flow\">\n<h4 class=\"wp-block-heading\">Die dargebotene Hand<\/h4>\n\n\n\n<p>Beckenhofstrasse 16<br>8006 Z\u00fcrich<br><a style=\"text-decoration: none;\" href=\"tel:143\" data-type=\"tel\" data-id=\"tel:143\">\n<img loading=\"lazy\" decoding=\"async\" src=\"https:\/\/sozial-psychiatrische-spitex.ch\/wp-content\/uploads\/2022\/11\/phonhoerer.png\" alt=\"\" class=\"wp-image-160\" width=\"25\" height=\"25\" srcset=\"https:\/\/sozial-psychiatrische-spitex.ch\/wp-content\/uploads\/2022\/11\/phonhoerer.png 512w, https:\/\/sozial-psychiatrische-spitex.ch\/wp-content\/uploads\/2022\/11\/phonhoerer-300x300.png 300w, https:\/\/sozial-psychiatrische-spitex.ch\/wp-content\/uploads\/2022\/11\/phonhoerer-150x150.png 150w\" sizes=\"auto, (max-width: 25px) 100vw, 25px\" \/>\n<span style=\"color:rgb(0,0,0);\">\n1 4 3<\/span><\/a><\/p>\n<\/div>\n\n\n\n<div class=\"wp-block-column is-layout-flow wp-block-column-is-layout-flow\">\n<p class=\"second__column\">Zu jeder Tages- und Nachtzeit eine Person, die zuh\u00f6rt. Bitte baldm\u00f6glichst einer Bezugsperson erz\u00e4hlen. (Info)<br>(Fachperson Psychiatrie-\/ Psychotherapie)<\/p>\n<\/div>\n<\/div>\n\n\n\n<div class=\"wp-block-columns is-layout-flex wp-container-core-columns-is-layout-9d6595d7 wp-block-columns-is-layout-flex\">\n<div class=\"wp-block-column is-layout-flow wp-block-column-is-layout-flow\">\n<h4 class=\"wp-block-heading\">Hilfe bei Vergiftungen<\/h4>\n\n\n\n<p>Toxo Info<br><a style=\"text-decoration: none;\" href=\"tel:145\" data-type=\"tel\" data-id=\"tel:145\">\n<img loading=\"lazy\" decoding=\"async\" src=\"https:\/\/sozial-psychiatrische-spitex.ch\/wp-content\/uploads\/2022\/11\/phonhoerer.png\" alt=\"\" class=\"wp-image-160\" width=\"25\" height=\"25\" srcset=\"https:\/\/sozial-psychiatrische-spitex.ch\/wp-content\/uploads\/2022\/11\/phonhoerer.png 512w, https:\/\/sozial-psychiatrische-spitex.ch\/wp-content\/uploads\/2022\/11\/phonhoerer-300x300.png 300w, https:\/\/sozial-psychiatrische-spitex.ch\/wp-content\/uploads\/2022\/11\/phonhoerer-150x150.png 150w\" sizes=\"auto, (max-width: 25px) 100vw, 25px\" \/>\n<span style=\"color:rgb(0,0,0);\">\n1 4 5<\/span><\/a><\/p>\n<\/div>\n\n\n\n<div class=\"wp-block-column is-layout-flow wp-block-column-is-layout-flow\">\n<p class=\"second__column\">Bei Unsicherheiten oder gef\u00e4hrlicher Einnahme von Tabletten\/Substanzen. Danach mit Bez. Person oder Arzt\/\u00c4rztin\/Psychiater:in besprechen.<\/p>\n<\/div>\n<\/div>\n\n\n\n<div class=\"wp-block-columns is-layout-flex wp-container-core-columns-is-layout-9d6595d7 wp-block-columns-is-layout-flex\">\n<div class=\"wp-block-column is-layout-flow wp-block-column-is-layout-flow\">\n<h4 class=\"wp-block-heading\">Allgemeine medizinische Notf\u00e4lle<\/h4>\n\n\n\n<p>Hebelstrasse 51<br>4056 Basel<br><a style=\"text-decoration: none;\" href=\"tel:144\" data-type=\"tel\" data-id=\"tel:144\">\n<img loading=\"lazy\" decoding=\"async\" src=\"https:\/\/sozial-psychiatrische-spitex.ch\/wp-content\/uploads\/2022\/11\/phonhoerer.png\" alt=\"\" class=\"wp-image-160\" width=\"25\" height=\"25\" srcset=\"https:\/\/sozial-psychiatrische-spitex.ch\/wp-content\/uploads\/2022\/11\/phonhoerer.png 512w, https:\/\/sozial-psychiatrische-spitex.ch\/wp-content\/uploads\/2022\/11\/phonhoerer-300x300.png 300w, https:\/\/sozial-psychiatrische-spitex.ch\/wp-content\/uploads\/2022\/11\/phonhoerer-150x150.png 150w\" sizes=\"auto, (max-width: 25px) 100vw, 25px\" \/>\n<span style=\"color:rgb(0,0,0);\">\n1 4 4<\/span><\/a><\/p>\n<\/div>\n\n\n\n<div class=\"wp-block-column is-layout-flow wp-block-column-is-layout-flow\">\n<p class=\"second__column\">24 Stunden Notfalldienst f\u00fcr medizinische Notf\u00e4lle.<\/p>\n<\/div>\n<\/div>\n\n\n\n<p><\/p>\n\n\n\n<p><\/p>\n\n\n\n<p><\/p>\n","protected":false},"excerpt":{"rendered":"<p>Medizinische Notruf Nummer MNZ Lindenhofstrasse 304052 Basel 061 \/ 261 15 15 Diensthabenden Notfall \u2013 Psychiater:in verlangen, oder bei medizinischen Notf\u00e4llen Angaben benennen. (144) Krisen Interventions Stelle KIS Rosentalstrasse 174058 Basel 061 \/ 267 54 43 Bei einer Krise \u00fcber KIS, oder nachts\/Wochenende \u00fcber die Zentrale Aufnahme UPK, kann eine tel. Anmeldung gemacht werden. UPK [&hellip;]<\/p>\n","protected":false},"author":1,"featured_media":0,"parent":0,"menu_order":0,"comment_status":"closed","ping_status":"closed","template":"page-notfallnummern.php","meta":{"footnotes":""},"class_list":["post-86","page","type-page","status-publish","hentry"],"_links":{"self":[{"href":"https:\/\/sozial-psychiatrische-spitex.ch\/index.php?rest_route=\/wp\/v2\/pages\/86","targetHints":{"allow":["GET"]}}],"collection":[{"href":"https:\/\/sozial-psychiatrische-spitex.ch\/index.php?rest_route=\/wp\/v2\/pages"}],"about":[{"href":"https:\/\/sozial-psychiatrische-spitex.ch\/index.php?rest_route=\/wp\/v2\/types\/page"}],"author":[{"embeddable":true,"href":"https:\/\/sozial-psychiatrische-spitex.ch\/index.php?rest_route=\/wp\/v2\/users\/1"}],"replies":[{"embeddable":true,"href":"https:\/\/sozial-psychiatrische-spitex.ch\/index.php?rest_route=%2Fwp%2Fv2%2Fcomments&post=86"}],"version-history":[{"count":5,"href":"https:\/\/sozial-psychiatrische-spitex.ch\/index.php?rest_route=\/wp\/v2\/pages\/86\/revisions"}],"predecessor-version":[{"id":180,"href":"https:\/\/sozial-psychiatrische-spitex.ch\/index.php?rest_route=\/wp\/v2\/pages\/86\/revisions\/180"}],"wp:attachment":[{"href":"https:\/\/sozial-psychiatrische-spitex.ch\/index.php?rest_route=%2Fwp%2Fv2%2Fmedia&parent=86"}],"curies":[{"name":"wp","href":"https:\/\/api.w.org\/{rel}","templated":true}]}}